{"id":154,"date":"2018-09-20T01:25:17","date_gmt":"2018-09-19T23:25:17","guid":{"rendered":"http:\/\/local.noti-blipvert\/es\/?page_id=154"},"modified":"2022-07-29T16:10:54","modified_gmt":"2022-07-29T14:10:54","slug":"compactadora-latas","status":"publish","type":"page","link":"https:\/\/www.blipvert.es\/es\/compactadora-latas\/","title":{"rendered":"atlas"},"content":{"rendered":"<div class=\"banner atlas-v3\">\n<div class=\"claim-atlas fons-clar\">\n<h1>La compactadora de latas de bebida<\/h1>\n<div class=\"h4\">\u00bfA que no puedes chafar solo una?<\/div>\n<\/div>\n<\/div>\n<div class=\"header-unit atlas-videook atlas\">\n<div id=\"video-container\"><video class=\"fillWidth\" autoplay=\"autoplay\" loop=\"loop\" muted=\"\" width=\"300\" height=\"150\"><source src=\"\/wp-content\/themes\/blipvert\/videos\/xafallaunes-blipvert.mp4\" type=\"video\/mp4\" \/><\/video><\/div>\n<p><!-- end video-container --><\/p>\n<\/div>\n<div class=\"separador\"><\/div>\n<div class=\"banner atlas-v1\">\n<div class=\"claim-atlas centrat-w-h fons-fosc\">\n<div class=\"h2\">The definitive outdoor <strong>can crusher<\/strong><\/div>\n<\/div>\n<\/div>\n<div class=\"banner banner-logo flex\">\n<div class=\"logogran fons-clar centrat-w-h\" style=\"width: 100%;\"><img src=\"\/wp-content\/uploads\/atlas_logo.jpg\" alt=\"\" width=\"200px\" \/><\/div>\n<\/div>\n<div class=\"banner atlas-360 flex wrap\">\n<div class=\"img-atlas360 img-1024\"><img src=\"\/wp-content\/uploads\/aplastalatas-visual.jpg\" alt=\"Aplastalatas visual, publicidad 360 grados\" \/><\/div>\n<div class=\"claim-atlas fons-clar centre\">\n<div class=\"h2\"><span class=\"super-destacat\">360\u00ba<\/span><br \/>\nExperiencia visual<\/div>\n<div class=\"h4\">Puerta escondida<br \/>\npara conseguir un dise\u00f1o continuo<\/div>\n<\/div>\n<div class=\"img-atlas360 img-1024\"><img src=\"\/wp-content\/uploads\/compactadora-latas-fiable.jpg\" alt=\"compactadora de latas fiable, 25 a\u00f1os compactando en la calle\" \/><\/div>\n<div class=\"img-atlas360 img-768\"><img src=\"\/wp-content\/uploads\/prensa-latas.gif\" alt=\"prensa de latas publicitaria\" \/><\/div>\n<\/div>\n<div class=\"separador\"><\/div>\n<div class=\"banner atlas-text\">\n<div class=\"claim-atlas fons-clar\">\n<div class=\"h2\">Ecol\u00f3gico<\/div>\n<div class=\"h4\">No consume energ\u00eda.<\/div>\n<div class=\"h2\">Ingenioso<\/div>\n<div class=\"h4\">Reduce el volumen en un 80%.<\/div>\n<div class=\"h2\">Sostenible<\/div>\n<div class=\"h4\">M\u00e0ximo ahorro energ\u00e9tico en transporte.<\/div>\n<div class=\"h2\">Fiable<\/div>\n<div class=\"h4\">30 a\u00f1os compactando en la calle.<\/div>\n<div class=\"h2\">Seguro<\/div>\n<div class=\"h4\">Cumple con las normativas de la UE.<\/div>\n<div class=\"h2\">Divertido<\/div>\n<div class=\"h4\">Es un juego de ni\u00f1os.<\/div>\n<\/div>\n<\/div>\n<div class=\"separador\"><\/div>\n<div class=\"banner atlas-video\">\n<div class=\"claim-atlas centrat-w-h fons-clar flex wrap\"><a href=\"https:\/\/www.youtube.com\/embed\/I1PNkE-GWmA?rel=0&amp;controls=0&amp;showinfo=0\" data-lity=\"\"><img src=\"\/wp-content\/themes\/blipvert\/img\/boto-play-v.svg\" width=\"52px\" \/><\/a><\/div>\n<\/div>\n<div class=\"separador\"><\/div>\n<div id=\"personalitzacio\" class=\"banner atlas-v2\">\n<div class=\"img\"><img src=\"\/wp-content\/uploads\/compactadora-latas.jpg\" alt=\"Compactadora de latas personalizable\" \/><\/div>\n<div class=\"claim-atlas fons-clar\">\n<div class=\"h2\">P\u00edntalas como quieras<\/div>\n<\/div>\n<\/div>\n<div class=\"banner atlas-esponsor\">\n<div class=\"img\"><img src=\"\/wp-content\/uploads\/compactadora-latas-publicidad.jpg\" alt=\"compactadora de latas para publicidad en la calle\" \/><\/div>\n<\/div>\n<div class=\"separador\"><\/div>\n<div class=\"banner atlas-entorn\">\n<div class=\"claim-atlas centrat-w-h fons-clar\">\n<div class=\"h2\">Integraci\u00f3n<\/div>\n<div class=\"h4\">La esponsorizaci\u00f3n. Reimaginada.<\/div>\n<\/div>\n<\/div>\n<div class=\"banner atlas-text\">\n<div class=\"claim-atlas fons-clar\">\n<div class=\"h2\">Sostenibildad<\/div>\n<div class=\"h4\">Las aplasta latas de blipvert ahorran 3 de cada 4 viajes a reciclaje.<\/div>\n<\/div>\n<\/div>\n<div class=\"banner atlas-gifllaunes\"><\/div>\n<div class=\"separador\"><\/div>\n<div class=\"banner atlas-sacs\">\n<div class=\"claim-atlas a-dreta fons-fosc\">\n<div class=\"h2\">Sacos reutilizables<\/div>\n<div class=\"h4\">Recogida libre de pl\u00e1sticos de un solo uso.<\/div>\n<\/div>\n<\/div>\n<div class=\"separador\"><\/div>\n<div class=\"banner modulus-text flex\">\n<div class=\"claim-atlas fons-fosc\">\n<div class=\"h2\">Controla todo con un solo clic<\/div>\n<div class=\"h4\">Con nuestra aplicaci\u00f3n para usuarios, ahora puedes controlar on-line todos los contenedores de tus instalaciones desde cualquier dispositivo.<\/div>\n<div class=\"mes-info\"><a class=\"cta-info\" href=\"https:\/\/usuaris.minis.cat\">Entrar &gt;<\/a><\/div>\n<p><img src=\"\/wp-content\/uploads\/e_blipvert-logo.png\" width=\"250px\" \/><\/p>\n<\/div>\n<\/div>\n<div class=\"separador\"><\/div>\n<div class=\"banner atlas-anelles\">\n<div class=\"claim-atlas centrat-w-h fons-clar flex wrap\">\n<div style=\"width: 35%;\"><\/div>\n<p><a href=\"https:\/\/www.youtube.com\/embed\/ThBUmRXshv4?rel=0&amp;controls=0&amp;showinfo=0\" data-lity=\"\"><img src=\"\/wp-content\/themes\/blipvert\/img\/boto-play-v.svg\" width=\"52px\" \/><\/a><\/p>\n<div class=\"img\"><img src=\"\/wp-content\/themes\/blipvert\/img\/logo-clc.png\" alt=\"Cada lata cuenta\" width=\"180px\" \/><\/div>\n<\/div>\n<\/div>\n<div class=\"separador\"><\/div>\n<div class=\"banner atlas-dual\">\n<div class=\"claim-atlas fons-fosc centrat-w-h\">\n<div class=\"h2\">Modelo dual<\/div>\n<div class=\"h4\">Recogida opcional de pilas en la parte posterior<\/div>\n<\/div>\n<\/div>\n<div class=\"separador\"><\/div>\n<div class=\"banner atlas-joker flex\">\n<div class=\"img\"><img src=\"\/wp-content\/uploads\/sin-compactadora-latas.jpg\" alt=\"\" \/><\/div>\n<div class=\"claim-atlas fons-clar\">\n<div class=\"h2\">Comod\u00edn<\/div>\n<div class=\"h4\">Modelo sin prensa.<\/div>\n<p>Con el comod\u00edn puedes recoger desde botellas de pl\u00e1stico a pelotas de tenis, pasando por tetrabricks, t\u00f3ners de impresora, esprays&#8230; lo que se te ocurra.<\/p>\n<p>Se entrega personalizado.<br \/>\nS\u00f3lo para cantidades.<\/p>\n<\/div>\n<\/div>\n<div class=\"separador\"><\/div>\n<div class=\"banner atlas-text\">\n<div class=\"claim-atlas fons-clar\">\n<div><img src=\"\/wp-content\/uploads\/atlas_logo.jpg\" alt=\"\" width=\"150px\" \/><\/div>\n<div class=\"h4\">El dise\u00f1o m\u00e1s original en el mundo de las aplasta latas.<\/div>\n<\/div>\n<\/div>\n<div class=\"banner atlas-fila\">\n<div class=\"img\"><img src=\"\/wp-content\/uploads\/compactadoras-latas-modelos.jpg\" alt=\"diferentes modelos de compactadoras de llatas\" \/><\/div>\n<\/div>\n<div class=\"separador\"><\/div>\n<div class=\"banner atlas-patent flex wrap\">\n<div class=\"atlas-patent1\"><\/div>\n<div class=\"atlas-patent2 flex wrap\">\n<div class=\"logo-atlas-patent\"><img src=\"https:\/\/www.blipvert.es\/wp-content\/uploads\/Atlas_logo500.png\" \/><\/div>\n<div class=\"claim-atlas\">\n<div class=\"h4\">Marca y modelo registrados en la European Union Intellectual Property Office y en la European Patent Office.<\/div>\n<\/div>\n<div class=\"logos-patent\"><img class=\"euipo\" src=\"https:\/\/www.blipvert.es\/wp-content\/uploads\/EUIPO_logo_in_English.png\" \/><img class=\"epo\" src=\"https:\/\/www.blipvert.es\/wp-content\/uploads\/European_Patent_Office.png\" \/><\/div>\n<\/div>\n<\/div>\n","protected":false},"excerpt":{"rendered":"<p>La compactadora de latas de bebida \u00bfA que no puedes chafar solo una? The definitive outdoor can crusher 360\u00ba Experiencia visual Puerta escondida para conseguir un dise\u00f1o continuo Ecol\u00f3gico No consume energ\u00eda. Ingenioso Reduce el [&hellip;]<\/p>\n","protected":false},"author":1,"featured_media":0,"parent":0,"menu_order":0,"comment_status":"closed","ping_status":"closed","template":"template-atlas.php","meta":[],"_links":{"self":[{"href":"https:\/\/www.blipvert.es\/es\/wp-json\/wp\/v2\/pages\/154"}],"collection":[{"href":"https:\/\/www.blipvert.es\/es\/wp-json\/wp\/v2\/pages"}],"about":[{"href":"https:\/\/www.blipvert.es\/es\/wp-json\/wp\/v2\/types\/page"}],"author":[{"embeddable":true,"href":"https:\/\/www.blipvert.es\/es\/wp-json\/wp\/v2\/users\/1"}],"replies":[{"embeddable":true,"href":"https:\/\/www.blipvert.es\/es\/wp-json\/wp\/v2\/comments?post=154"}],"version-history":[{"count":56,"href":"https:\/\/www.blipvert.es\/es\/wp-json\/wp\/v2\/pages\/154\/revisions"}],"predecessor-version":[{"id":14498,"href":"https:\/\/www.blipvert.es\/es\/wp-json\/wp\/v2\/pages\/154\/revisions\/14498"}],"wp:attachment":[{"href":"https:\/\/www.blipvert.es\/es\/wp-json\/wp\/v2\/media?parent=154"}],"curies":[{"name":"wp","href":"https:\/\/api.w.org\/{rel}","templated":true}]}}