{"id":180,"date":"2018-09-20T01:42:40","date_gmt":"2018-09-19T23:42:40","guid":{"rendered":"http:\/\/local.noti-blipvert\/es\/?page_id=180"},"modified":"2019-07-04T11:47:41","modified_gmt":"2019-07-04T09:47:41","slug":"contenedores-reciclaje","status":"publish","type":"page","link":"https:\/\/www.blipvert.es\/es\/contenedores-reciclaje\/","title":{"rendered":"miscel\u00e1nea"},"content":{"rendered":"<div id=\"gots\" class=\"banner gots-inici\">\n<div class=\"claim-misc fons-fosc centrat-w-h dret\">\n<h2>Gots<\/h2>\n<h4>Dise\u00f1o minimalista<\/h4>\n<p>Con unos pocos vasos de agua o caf\u00e9, cualquier papelera se llena enseguida y generamos un residuo que podemos evitar, ya que el polipropileno es perfectamente reciclable. Recoge hasta 400 vasos en el m\u00ednimo espacio. Disponible en diferentes tama\u00f1os. Se adapta f\u00e1cilmente a vuestra m\u00e1quina de caf\u00e9 o agua.<\/p>\n<\/div>\n<\/div>\n<div class=\"gots-recollidor flex\">\n<div class=\"claim-misc fons-clar centrat-w-h centre\">\n<h4>Deposito recogedor de l\u00edquidos<\/h4>\n<\/div>\n<\/div>\n<div class=\"separador\"><\/div>\n<div class=\"gots-vid1 flex\">\n<div class=\"claim-misc fons-fosc centrat-w-h centre\">\n<a href=\"\/\/www.youtube.com\/watch?v=x14eEUcjl-Y?autoplay=0&#038;showinfo=0&#038;controls=0&#038;rel=0\" data-lity><br \/>\n<img src=\"\/wp-content\/themes\/blipvert\/img\/boto-play-v.svg\" width=\"52px\"\/><br \/>\n<\/a>\n<\/div>\n<\/div>\n<div class=\"separador\"><\/div>\n<div class=\"banner gots-2\">\n<\/div>\n<div id=\"pilatos\" class=\"banner pilatos-principal flex\">\n<img src=\"\/wp-content\/uploads\/contenedor-recogida-pilas.jpg\" alt=\"Contenedor para recogida de pilas\" \/><\/p>\n<div class=\"img-diposit\">\n<div class=\"claim-misc fons-clar dret\">\n<h2>Pilatos<\/h2>\n<h3>g = 9,8 m\/s<sup>2<\/sup><\/h3>\n<h3>Porque el peso s\u00ed importa<\/h3>\n<h4>Contenedor ergon\u00f3mico dise\u00f1ado espec\u00edficamente para que el operario no cargue nunca el peso de las pilas. <\/h4>\n<h4 class=\"text-diposit\">Compartimento para pilas bot\u00f3n.<\/h4>\n<\/div>\n<p><img src=\"\/wp-content\/uploads\/contenedor-recogida-pilas-boton.jpg\" alt=\"Contenedor especial de recogida para pilas bot\u00f3n\" \/>\n<\/div>\n<\/div>\n<div class=\"banner pilatos-piles\">\n<div class=\"claim-misc\">\n<h2>&nbsp;<\/h2>\n<\/div>\n<\/div>\n<div class=\"banner pilatos-buidat flex\">\n<div class=\"img-buidat\">\n<div class=\"claim-misc fons-clar dret\">\n<h4 >Ca\u00edda libre.<\/h4>\n<h4>Las pilas caen solas en el cesto por la Ley de la Gravedad.<\/h4>\n<\/div>\n<div class=\"img\"><img src=\"\/wp-content\/uploads\/sistema-recogida-pilas.jpg\" alt=\"Sistema para la recogida de pilas\" \/><\/div>\n<\/div>\n<div class=\"img-buidat2\"><img src=\"\/wp-content\/uploads\/contenedor-para-pilas.jpg\" alt=\"Contenedor ergon\u00f3mico para la recogida de pilas\" \/><\/div>\n<\/div>\n<div class=\"separador\"><\/div>\n<div id=\"ariadna\" class=\"banner ariadna flex\">\n<div class=\"claim-misc fons-clar dret centrat-w-h\">\n<h2>Ariadna<\/h2>\n<h4>Educaci\u00f3n ambiental<\/h4>\n<\/div>\n<\/div>\n<div class=\"banner ariadna2 flex\">\n<div class=\"claim-misc fons-clar centre\">\n<h2>Ariadna<\/h2>\n<h4>Educaci\u00f3n ambiental.<\/h4>\n<\/div>\n<p><img src=\"\/wp-content\/uploads\/papelera-selectiva-urbana-diseno.jpg\" alt=\"Papelera selectiva urbana de dise\u00f1o\" \/>\n<\/div>\n<div class=\"separador\"><\/div>\n<div id=\"papyrus\" class=\"banner papyrus flex\">\n<div class=\"claim-misc fons-fosc centrat-w-h\">\n<h2>Papyrus<\/h2>\n<h4>Papelera de sobremesa para remplazar las papeleras individuales<\/h4>\n<\/div>\n<\/div>\n<div class=\"separador\"><\/div>\n<div class=\"banner papyrus2 flex wrap\">\n<div class=\"banner papyrus-1\">\n<div class=\"claim-misc fons-clar centrat-w-h\">\n<h4>Disfruta del <strong>Papyrus<\/strong>, como herramienta de comunicaci\u00f3n interna de tu empresa. La personalizaci\u00f3n es tan f\u00e1cil como imprimirte una hoja DIN A4.<\/h4>\n<\/div>\n<\/div>\n<div class=\"banner papyrus-2\">\n<div class=\"claim-misc fons-clar centrat-w-h\">\n<h4>Original y pr\u00e1ctico sistema de vaciado.<\/h4>\n<\/div>\n<\/div>\n<\/div>\n","protected":false},"excerpt":{"rendered":"<p>Gots Dise\u00f1o minimalista Con unos pocos vasos de agua o caf\u00e9, cualquier papelera se llena enseguida y generamos un residuo que podemos evitar, ya que el polipropileno es perfectamente reciclable. Recoge hasta 400 vasos en [&hellip;]<\/p>\n","protected":false},"author":1,"featured_media":0,"parent":0,"menu_order":0,"comment_status":"closed","ping_status":"closed","template":"template-miscelanius.php","meta":[],"_links":{"self":[{"href":"https:\/\/www.blipvert.es\/es\/wp-json\/wp\/v2\/pages\/180"}],"collection":[{"href":"https:\/\/www.blipvert.es\/es\/wp-json\/wp\/v2\/pages"}],"about":[{"href":"https:\/\/www.blipvert.es\/es\/wp-json\/wp\/v2\/types\/page"}],"author":[{"embeddable":true,"href":"https:\/\/www.blipvert.es\/es\/wp-json\/wp\/v2\/users\/1"}],"replies":[{"embeddable":true,"href":"https:\/\/www.blipvert.es\/es\/wp-json\/wp\/v2\/comments?post=180"}],"version-history":[{"count":17,"href":"https:\/\/www.blipvert.es\/es\/wp-json\/wp\/v2\/pages\/180\/revisions"}],"predecessor-version":[{"id":3993,"href":"https:\/\/www.blipvert.es\/es\/wp-json\/wp\/v2\/pages\/180\/revisions\/3993"}],"wp:attachment":[{"href":"https:\/\/www.blipvert.es\/es\/wp-json\/wp\/v2\/media?parent=180"}],"curies":[{"name":"wp","href":"https:\/\/api.w.org\/{rel}","templated":true}]}}