{"id":187,"date":"2018-09-20T01:07:56","date_gmt":"2018-09-19T23:07:56","guid":{"rendered":"http:\/\/local.noti-blipvert\/es\/?page_id=187"},"modified":"2022-03-11T13:32:36","modified_gmt":"2022-03-11T11:32:36","slug":"contenedores-recogida-selectiva","status":"publish","type":"page","link":"https:\/\/www.blipvert.es\/es\/contenedores-recogida-selectiva\/","title":{"rendered":"modulus"},"content":{"rendered":"<div class=\"banner modulus-infinites\">\n<div class=\"img-infinites\">\n<h1><img src=\"\/wp-content\/uploads\/contenedores-recogida-selectiva.gif\" alt=\"Contenedores de recogida selectiva\" \/><\/h1>\n<\/div>\n<div class=\"claim-modulus clar dret\">\n<div class=\"h2\">Posibilidades infinitas<\/div>\n<div class=\"h4\">La mejor elecci\u00f3n en contenedores de reciclaje para interiores. Elegantes, pr\u00e1cticos y dise\u00f1ados con un solo prop\u00f3sito: cero residuos en tus instalaciones. Desde papel hasta envases ligeros, \u00a1rec\u00edclalo todo!<\/div>\n<\/div>\n<\/div>\n<div class=\"banner modulus-home\">\n<\/div>\n<div class=\"banner banner-logo flex\">\n<div class=\"logogran fons-clar centrat-w-h\" style=\"width:100%;\">\n<img src=\"\/wp-content\/uploads\/modulus_logo.jpg\" width=\"250px\" alt=\"\" \/>\n<\/div>\n<\/div>\n<div class=\"banner modulus-buidat\">\n<div class=\"img-buidat\">\n<img src=\"\/wp-content\/uploads\/sistema-modular-reciclaje.jpg\" alt=\"Sistema modular de reciclaje en diferentes tama\u00f1os\" \/>\n<\/div>\n<div class=\"claim-modulus clar dret\">\n<div class=\"h4\">60L \/ 80L \/ 120L<\/div>\n<div class=\"h2\">Elige tus medidas<\/div>\n<\/div>\n<\/div>\n<div class=\"banner modulus-lloc flex wrap\" id=\"residuos\">\n<div class=\"claim-modulus fons-fosc centrat-w\">\n<div class=\"h2\">Elige tus residuos<\/div>\n<p style=\"font-size: 2.5em; font-weight: 300;\">Cada cosa en su sitio<\/p>\n<\/div>\n<div class=\"claim-modulus segon fons-fosc centrat-w\">\n<p style=\"font-family: 'Roboto Condensed', sans-serif; font-size: 3em;\"><a href=\"#\" style=\"color: #66b8dc;\">Papel i Cart\u00f3n<\/a> <span style=\"color: #fff;\">|<\/span> <a href=\"#\" style=\"color: #eed747;\">Envases ligeros<\/a> <span style=\"color: #fff;\">|<\/span> <a href=\"#\" style=\"color: #c9edf0;\">EPIS<\/a> <span style=\"color: #fff;\">|<\/span> <a href=\"#\" style=\"color: #d74c3f;\">Cartuchos y t\u00f3ners<\/a> <span style=\"color: #fff;\">|<\/span> <a href=\"#\" style=\"color: #ae9782;\">Org\u00e1nica<\/a> <span style=\"color: #fff;\">|<\/span> <a href=\"#\" style=\"color: #8f8ec0;\">RAEE<\/a> <span style=\"color: #fff;\">|<\/span> <a href=\"#\" style=\"color: #4e9014;\">Vidrio<\/a> <span style=\"color: #fff;\">|<\/span> <a href=\"#\" style=\"color: #765F4A;\">C\u00e1psulas de caf\u00e9<\/a> <span style=\"color: #fff;\">|<\/span> <a href=\"#\" style=\"color: #96c03a;\">CD\/DVD<\/a> <span style=\"color: #fff;\">|<\/span> <a href=\"#\">prop\u00f3n un nuevo Residuo<\/a><\/p>\n<\/div>\n<\/div>\n<div class=\"banner modulus-infinites modulus-fabricacio\">\n<div class=\"claim-modulus clar dret\">\n<div class=\"h2\">Fabricaci\u00f3n personalizada<\/div>\n<\/div>\n<div class=\"img-fabricacio\">\n<img src=\"\/wp-content\/uploads\/modulus-personalitzat.jpg\" alt=\"Contenedores de recogida selectiva de fabricaci\u00f3n personalizada\" \/>\n<\/div>\n<div class=\"img-fabricacio-mobile\">\n<img src=\"\/wp-content\/uploads\/modulus-personalitzat-mobile.jpg\" alt=\"Contenedores de recogida selectiva de fabricaci\u00f3n personalizada\" \/>\n<\/div>\n<\/div>\n<div class=\"banner modulus-tapa\">\n<div class=\"claim-modulus clar dret\">\n<div class=\"h2\">Tapa opcional<\/div>\n<div class=\"h4\">Para la eliminaci\u00f3n de posibles olores.<\/div>\n<\/div>\n<div class=\"img-tapa\">\n<img src=\"\/wp-content\/uploads\/contenedor-recogida-envases.gif\" alt=\"Contenedor de recogida de envases\" \/>\n<\/div>\n<\/div>\n<div class=\"separador\"><\/div>\n<div class=\"banner modulus-publi es\">\n<div class=\"claim-modulus clar\">\n<div class=\"h2\">Disfruta del<br \/> placer de reciclar<br \/> en el trabajo<\/div>\n<p>Los contenedores modulus son un gustazo para la vista, se adaptan al entorno y aportan un toque de distinci\u00f3n.<br \/> Ideales para oficinas, empresas, escuelas, universidades, hospitales, etc.<\/p>\n<\/div>\n<\/div>\n<div class=\"banner modulus-seguretat flex\">\n<div class=\"claim-modulus clar dret\">\n<div class=\"h2\">Papel confidencial<\/div>\n<div class=\"h4\">Ponte al d\u00eda y recicla seg\u00fan la nueva Ley de protecci\u00f3n de datos.<\/div>\n<\/div>\n<div class=\"img-seguretat\">\n<img src=\"\/wp-content\/uploads\/recogida-papel.gif\" alt=\"Contenedor de recogida selectiva para papel\" \/>\n<\/div>\n<\/div>\n<div class=\"banner banner-fosc modulus-text flex\">\n<div class=\"claim-modulus fons-fosc dret\">\n<div class=\"h2\">Controla todo con un solo clic<\/div>\n<div class=\"h4\">Con nuestra aplicaci\u00f3n para usuarios, ahora puedes controlar on-line todos los contenedores de tus instalaciones desde cualquier dispositivo.<\/div>\n<div class=\"mes-info\">\n<a href=\"https:\/\/usuaris.minis.cat\" class=\"cta-info\">Entrar ><\/a>\n<\/div>\n<p><img src=\"\/wp-content\/uploads\/e_blipvert-logo.png\" width=\"250px\"\/>\n<\/div>\n<\/div>\n<div class=\"banner modulus-01 flex\">\n<div class=\"claim-modulus fons-clar centre\">\n<img class=\"logo-zero\" src=\"\/wp-content\/uploads\/logo-zero-es.jpg\" alt=\"Logotipo zero residuos en la empresa\" \/>\n<\/div>\n<\/div>\n","protected":false},"excerpt":{"rendered":"<p>Posibilidades infinitas La mejor elecci\u00f3n en contenedores de reciclaje para interiores. Elegantes, pr\u00e1cticos y dise\u00f1ados con un solo prop\u00f3sito: cero residuos en tus instalaciones. Desde papel hasta envases ligeros, \u00a1rec\u00edclalo todo! 60L \/ 80L \/ [&hellip;]<\/p>\n","protected":false},"author":1,"featured_media":0,"parent":0,"menu_order":0,"comment_status":"closed","ping_status":"closed","template":"template-modulus.php","meta":[],"_links":{"self":[{"href":"https:\/\/www.blipvert.es\/es\/wp-json\/wp\/v2\/pages\/187"}],"collection":[{"href":"https:\/\/www.blipvert.es\/es\/wp-json\/wp\/v2\/pages"}],"about":[{"href":"https:\/\/www.blipvert.es\/es\/wp-json\/wp\/v2\/types\/page"}],"author":[{"embeddable":true,"href":"https:\/\/www.blipvert.es\/es\/wp-json\/wp\/v2\/users\/1"}],"replies":[{"embeddable":true,"href":"https:\/\/www.blipvert.es\/es\/wp-json\/wp\/v2\/comments?post=187"}],"version-history":[{"count":36,"href":"https:\/\/www.blipvert.es\/es\/wp-json\/wp\/v2\/pages\/187\/revisions"}],"predecessor-version":[{"id":13794,"href":"https:\/\/www.blipvert.es\/es\/wp-json\/wp\/v2\/pages\/187\/revisions\/13794"}],"wp:attachment":[{"href":"https:\/\/www.blipvert.es\/es\/wp-json\/wp\/v2\/media?parent=187"}],"curies":[{"name":"wp","href":"https:\/\/api.w.org\/{rel}","templated":true}]}}