{"id":196,"date":"2018-09-20T01:32:21","date_gmt":"2018-09-19T23:32:21","guid":{"rendered":"http:\/\/local.noti-blipvert\/es\/?page_id=196"},"modified":"2022-03-01T12:47:37","modified_gmt":"2022-03-01T10:47:37","slug":"reciclarte","status":"publish","type":"page","link":"https:\/\/www.blipvert.es\/es\/reciclarte\/","title":{"rendered":"reciclARTE"},"content":{"rendered":"<div class=\"banner re-cdflowers\">\n<div class=\"claim-re fons-fosc centrat-w-h \">\n<h2>Haz posible<br \/>\nlo imposible<\/h2>\n<\/div>\n<\/div>\n<div class=\"banner re-text\">\n<div class=\"claim-re-text fons-clar centre\">\n<div><img src=\"\/wp-content\/uploads\/reciclART_logo.jpg\" alt=\"\" width=\"250px\" \/><\/div>\n<h4>Es un gran taller de ideas art\u00edsticas para dar nueva vida a los residuos.<\/h4>\n<\/div>\n<\/div>\n<div class=\"banner re-cdflowers-02\">\n<div class=\"claim-re fons-fosc centre centrat-w-h\">\n<h2>Flores<\/h2>\n<h4>con CD y RAEE<\/h4>\n<\/div>\n<\/div>\n<div class=\"separador\"><\/div>\n<div class=\"banner re-lampada\">\n<div class=\"claim-re fons-fosc centre centrat-w-h\">\n<h2>L\u00e1mpara de techo<\/h2>\n<h4>con cables RAEE<br \/>\ny tapones de corcho<\/h4>\n<\/div>\n<\/div>\n<div class=\"separador\"><\/div>\n<div class=\"banner re-lampada-03\">\n<div class=\"claim-re fons-fosc centrat-w-h\">\n<h2><\/h2>\n<\/div>\n<\/div>\n<div class=\"separador\"><\/div>\n<div class=\"banner re-lampada-02\">\n<div class=\"claim-re fons-fosc centre\">\n<h2><\/h2>\n<\/div>\n<\/div>\n<div class=\"separador\"><\/div>\n<div class=\"banner re-paraigua\">\n<div class=\"claim-re fons-fosc\">\n<h2>Parag\u00fcero<\/h2>\n<h4>con cintas de video<\/h4>\n<\/div>\n<\/div>\n<div class=\"separador\"><\/div>\n<div class=\"banner re-memory\">\n<div class=\"claim-re fons-clar\">\n<h2>Memory Chrome<\/h2>\n<h4>con c\u00e1psulas de caf\u00e9<\/h4>\n<\/div>\n<\/div>\n<div class=\"separador\"><\/div>\n<div class=\"banner re-memory-video\">\n<div class=\"claim-re centrat-w-h fons-fosc\">\n<h4>Colorea tu mente<\/h4>\n<p><a href=\"\/\/www.youtube.com\/watch?v=Ku-d81AIXOk?autoplay=0&amp;showinfo=0&amp;controls=0&amp;rel=0\" data-lity=\"\"><img src=\"\/wp-content\/themes\/blipvert\/img\/boto-play1.svg\" width=\"52px\" \/><\/a><\/p>\n<\/div>\n<\/div>\n<div class=\"separador\"><\/div>\n<div class=\"banner re-cdflowers-02 re-dvdflowers\">\n<div class=\"claim-re fons-fosc centre centrat-w-h\">\n<h2>Flores<\/h2>\n<h4>con DVD<\/h4>\n<\/div>\n<\/div>\n<div class=\"separador\"><\/div>\n<div class=\"banner re-cdflowers-02 re-dvdflowers-02\">\n<div class=\"claim-re fons-fosc centre\">\n<h2><\/h2>\n<\/div>\n<\/div>\n<div class=\"separador\"><\/div>\n<div class=\"banner re-text\">\n<div class=\"claim-re-text fons-clar centre\">\n<div><img src=\"\/wp-content\/uploads\/reciclART_logo.jpg\" alt=\"\" width=\"250px\" \/><\/div>\n<h4>Inspira creatividad y curiosidad<br \/>\nen el aula y m\u00e1s all\u00e1.<\/h4>\n<\/div>\n<\/div>\n<div class=\"separador\"><\/div>\n<div class=\"banner re-discs\">\n<div class=\"claim-re fons-fosc centrat-h\">\n<h2>Libreta<\/h2>\n<h4>con disquetes<\/h4>\n<\/div>\n<\/div>\n<div class=\"separador\"><\/div>\n<div class=\"banner re-jacob\">\n<div class=\"claim-re fons-clar centrat-w\">\n<h2>Juego Escalera<\/h2>\n<h4>con cintas de casete<\/h4>\n<\/div>\n<\/div>\n<div class=\"separador\"><\/div>\n<div class=\"banner re-cdflowers-02 re-globus\">\n<div class=\"claim-re fons-fosc centrat-w-h \">\n<h2>Globo<\/h2>\n<h4>con malla de cebollas<\/h4>\n<\/div>\n<\/div>\n<div class=\"separador\"><\/div>\n<div class=\"banner re-cdflowers-02 re-cistells\">\n<div class=\"claim-re fons-fosc centrat-w-h \">\n<h2>Cestos<\/h2>\n<h4>con mallas de fruta y verdura<\/h4>\n<\/div>\n<\/div>\n<div class=\"separador\"><\/div>\n<div class=\"banner re-jacob-02\" style=\"height: auto;\">\n<div class=\"claim-mini fons-fosc centrat-w-h centre\"><a href=\"\/\/www.youtube.com\/watch?v=fTJamyXQDGE?autoplay=0&amp;showinfo=0&amp;controls=0&amp;rel=0\" data-lity=\"\"><br \/>\n<img src=\"\/wp-content\/themes\/blipvert\/img\/boto-play1.svg\" width=\"52px\" \/><\/a><\/div>\n<div class=\"img-jacob\"><img style=\"max-width: 100%; height: auto;\" src=\"\/wp-content\/themes\/blipvert\/img\/recyclart\/re-jacob-02.jpg\" alt=\"\" \/><\/div>\n<\/div>\n<div class=\"separador\"><\/div>\n<div class=\"banner re-bosses\">\n<div class=\"claim-re fons-fosc dret centrat-h\">\n<h2>Bolsos de dise\u00f1o<\/h2>\n<h4>Reciclamos la carteler\u00eda<\/h4>\n<div class=\"mes-info\"><a class=\"cta-info\" href=\"\/es\/bolsos\">Saber m\u00e1s &gt;<\/a><\/div>\n<\/div>\n<\/div>\n","protected":false},"excerpt":{"rendered":"<p>Haz posible lo imposible Es un gran taller de ideas art\u00edsticas para dar nueva vida a los residuos. Flores con CD y RAEE L\u00e1mpara de techo con cables RAEE y tapones de corcho Parag\u00fcero con [&hellip;]<\/p>\n","protected":false},"author":1,"featured_media":0,"parent":0,"menu_order":0,"comment_status":"closed","ping_status":"closed","template":"template-reciclart.php","meta":[],"_links":{"self":[{"href":"https:\/\/www.blipvert.es\/es\/wp-json\/wp\/v2\/pages\/196"}],"collection":[{"href":"https:\/\/www.blipvert.es\/es\/wp-json\/wp\/v2\/pages"}],"about":[{"href":"https:\/\/www.blipvert.es\/es\/wp-json\/wp\/v2\/types\/page"}],"author":[{"embeddable":true,"href":"https:\/\/www.blipvert.es\/es\/wp-json\/wp\/v2\/users\/1"}],"replies":[{"embeddable":true,"href":"https:\/\/www.blipvert.es\/es\/wp-json\/wp\/v2\/comments?post=196"}],"version-history":[{"count":22,"href":"https:\/\/www.blipvert.es\/es\/wp-json\/wp\/v2\/pages\/196\/revisions"}],"predecessor-version":[{"id":13681,"href":"https:\/\/www.blipvert.es\/es\/wp-json\/wp\/v2\/pages\/196\/revisions\/13681"}],"wp:attachment":[{"href":"https:\/\/www.blipvert.es\/es\/wp-json\/wp\/v2\/media?parent=196"}],"curies":[{"name":"wp","href":"https:\/\/api.w.org\/{rel}","templated":true}]}}